{"id":1013,"date":"2020-02-05T14:46:14","date_gmt":"2020-02-05T13:46:14","guid":{"rendered":"https:\/\/www.cerafino.es\/aviso-legal\/"},"modified":"2021-06-22T08:25:01","modified_gmt":"2021-06-22T06:25:01","slug":"legal-advice","status":"publish","type":"page","link":"https:\/\/www.cerafino.es\/en\/legal-advice\/","title":{"rendered":"Legal Advice"},"content":{"rendered":"<p class=\"p2\"><strong><span class=\"s2\">1. DATOS IDENTIFICATIVOS<\/span><\/strong><\/p>\n<p class=\"p2\">En cumplimiento con el deber de informaci\u00f3n recogido en art\u00edculo 10 de la Ley 34\/2002, de 11 de julio, de Servicios de la Sociedad de la Informaci\u00f3n y del Comercio Electr\u00f3nico, a continuaci\u00f3n se reflejan los siguientes datos:<\/p>\n<p class=\"p3\">La empresa titular del presente dominio web es CERAFINO S.L. con domicilio a estos efectos en .BULEVAR ALFONSO HOHENLOHE, C.C TEMBO LOCAL 2B n\u00famero de C.I.F.: B93367159 inscrita en el registro mercantil. Correo electr\u00f3nico de contacto: <strong><a href=\"mailto:cerafinosl@cerafino.es\">cerafinosl@cerafino.es<\/a><\/strong><\/p>\n<p>&nbsp;<\/p>\n<p class=\"p2\"><strong><span class=\"s2\">2. USUARIOS<\/span><\/strong><\/p>\n<p class=\"p2\">El acceso y\/o uso de este portalo sitio web le atribuye la condici\u00f3n de USUARIO, que acepta, desde dicho acceso y\/o uso, las Condiciones Generales de Uso reflejadas en el presente aviso. Las Condiciones ser\u00e1n de aplicaci\u00f3n independientemente de las Condiciones Generales de Contrataci\u00f3n que en su caso resulten de obligado cumplimiento. En todo caso para cualquier fin especifico se pedira su consentimiento expreso.<\/p>\n<p>&nbsp;<\/p>\n<p class=\"p2\"><strong><span class=\"s2\">3. USO DEL PORTAL<\/span><\/strong><\/p>\n<p class=\"p2\">Nuestra web proporciona el acceso a informaciones, servicios, programas o datos (en adelante pasaremos a denominarlos como \u201clos contenidos\u201d) en Internet pertenecientes a CERAFINO S.L. o a sus licenciantes a los que el USUARIO pueda tener acceso. El USUARIO asume la responsabilidad del correcto uso del portal. Dicha responsabilidad se extiende al registro que fuese necesario para acceder a determinados servicios o contenidos. En dicho registro el USUARIO ser\u00e1 responsable de aportar informaci\u00f3n veraz y l\u00edcita sobre sus datos. Como consecuencia de este registro, al USUARIO se le puede proporcionar una contrase\u00f1a de la que ser\u00e1 responsable, comprometi\u00e9ndose a hacer un uso diligente, \u00e9tico y confidencial de la misma. El USUARIO se compromete a hacer un uso adecuado de los contenidos y servicios (como por ejemplo servicios de chat, foros de discusi\u00f3n o grupos de noticias) que se ofrece a trav\u00e9s de su portal y con car\u00e1cter enunciativo pero no limitativo, a no emplearlos para:<\/p>\n<p class=\"p2\"><span class=\"s3\">&#8211;<\/span>Incurrir en actividades il\u00edcitas, ilegales o contrarias a la buena fe y al orden p\u00fablico.<\/p>\n<p class=\"p2\"><span class=\"s3\">&#8211;<\/span>Difundir contenidos o propaganda de car\u00e1cter racista, xen\u00f3fobo, pornogr\u00e1fico-ilegal, deapolog\u00eda del terrorismo o atentatorio contra los derechos humanos.<\/p>\n<p class=\"p2\"><span class=\"s3\">&#8211;<\/span>Provocar da\u00f1os en los sistemas f\u00edsicos y l\u00f3gicos del propietario, de sus proveedores o deterceras personas, introducir o difundir en la red virus inform\u00e1ticos o cualesquiera otrossistemas f\u00edsicos o l\u00f3gicos que sean susceptibles de provocar los da\u00f1os anteriormentemencionados.<\/p>\n<p class=\"p1\">-Intentar acceder y, en su caso, utilizar las cuentas de correo electr\u00f3nico de otros usuarios ymodificar o manipular sus mensajes. El propietario del portal se reserva el derecho de retirartodos aquellos comentarios y aportaciones que vulneren el respeto a la dignidad de lapersona, que sean discriminatorios, xen\u00f3fobos, racistas, pornogr\u00e1ficos, que atenten contra lajuventud o la infancia, el orden o la seguridad p\u00fablica o que, a su juicio, no resultaranadecuados o convenientes para su publicaci\u00f3n. En cualquier caso, el propietario del portalno ser\u00e1 responsable de las opiniones vertidas por los usuarios a trav\u00e9s de los foros, chats, uotras herramientas de participaci\u00f3n.<\/p>\n<p>&nbsp;<\/p>\n<p class=\"p1\"><strong><span class=\"s1\">4. PROTECCI\u00d3N DE DATOS<\/span><\/strong><\/p>\n<p class=\"p1\">El uso de los datos personales est\u00e1 definida en base al Reglamento General de Protecci\u00f3n de datos y la normativa espa\u00f1ola vigente. Con el fin de conseguir la m\u00e1xima transparencia y en base a nuestra pol\u00edtica proactiva le informamos:<\/p>\n<p class=\"p1\">\u00bfPor qu\u00e9 solicitamos sus datos? PARA LA DESCARGA DE CAT\u00c1LOGOS Y SOLICITUDES DE INFORMACI\u00d3N<\/p>\n<p class=\"p1\">\u00bfQu\u00e9 tipo de datos recabamos? IDENTIFICATIVOS Y CONTACTOS<\/p>\n<p class=\"p1\">\u00bfC\u00f3mo se recogen? ATRAVES DE NUESTRO FORMULARIO DE CONTACTO EN LA PAGINA WEB<\/p>\n<p class=\"p1\">Uso compartido con terceros: NO, EXCEPTO IMPOSICION LEGAL<\/p>\n<p class=\"p1\">Derechos: Tiene derecho a acceder a sus datos, rectificarlos, suprimirlos, limitarlos y oponerse a su tratamiento en cualquier momento, tambien puede retirar el consentimiento prestado y reclamar ante la autoridad de control ( Agencia Espa\u00f1ola de protecci\u00f3n de Datos c\/ Jorge Juan n\u00ba6 28001 Madrid). Para el ejercicio de sus derechos dispone de un canal directo con nuestra empresa en el mail : <strong><a href=\"mailto:cerafinosl@cerafino.es\">cerafinosl@cerafino.es\u00a0<\/a><\/strong><\/p>\n<p class=\"p1\">y en la direcci\u00f3n postal BULEVAR ALFONSO HOHENLOHE, C.C. TEMBO LOCAL 2B, 29602 MARBELLA, MALAGA indicando en el asunto protecci\u00f3n de datos.<\/p>\n<p>&nbsp;<\/p>\n<p class=\"p1\">Privacidad en la navegaci\u00f3n:<\/p>\n<p class=\"p1\">El propietario del portal se toma la privacidad muy en serio, y se esfuerza por la transparencia en todos los aspectos relacionados con los datos personales. Si desea configurar las cookies adjuntamos los enlaces correspondientes a cada navegador. Rogamos consulte la <strong><a href=\"https:\/\/www.cerafino.es\/politica-de-cookies\/\">pol\u00edtica de cookies<\/a><\/strong> de nuestra web para obtener m\u00e1s informaci\u00f3n. Puede encontrar m\u00e1s informaci\u00f3n sobre c\u00f3mo cambiar la configuraci\u00f3n de las cookies en el explorador que utiliza en la siguiente lista:<\/p>\n<ul>\n<li class=\"p2\"><strong><a href=\"https:\/\/www.google.com\/intl\/en\/policies\/technologies\/managing\/\">https:\/\/www.google.com\/intl\/en\/policies\/technologies\/managing\/<\/a><\/strong><\/li>\n<li class=\"p2\"><strong><a href=\"http:\/\/support.mozilla.com\/en-GB\/kb\/Cookies#w_cookie-settings\">http:\/\/support.mozilla.com\/en-GB\/kb\/Cookies#w_cookie-settings<\/a><\/strong><\/li>\n<li class=\"p2\"><strong><a href=\"http:\/\/windows.microsoft.com\/en-GB\/windows-vista\/Block-or-allow-cookies\">http:\/\/windows.microsoft.com\/en-GB\/windows-vista\/Block-or-allow-cookies<\/a><\/strong><\/li>\n<li class=\"p2\"><strong><a href=\"http:\/\/www.apple.com\/safari\/features.html#security\">http:\/\/www.apple.com\/safari\/features.html#security<\/a><\/strong><\/li>\n<\/ul>\n<p class=\"p1\">Asimismo, CERAFINO S.L. informa que da cumplimiento a la Ley 34\/2002 de 11 de julio, de Servicios de la Sociedad de la Informaci\u00f3n y el Comercio Electr\u00f3nico y le solicitar\u00e1 su consentimiento al tratamiento de su correo electr\u00f3nico con fines comerciales en cada momento.<\/p>\n<p>&nbsp;<\/p>\n<p class=\"p1\"><strong><span class=\"s1\">5. PROPIEDAD INTELECTUAL E INDUSTRIAL<\/span><\/strong><\/p>\n<p class=\"p1\">El propietario por s\u00ed o como cesionaria, es titular de todos los derechos de propiedad intelectual e industrial desu p\u00e1gina web, as\u00ed como de los elementos contenidos en la misma (a t\u00edtulo enunciativo, im\u00e1genes, sonido, audio, v\u00eddeo, software o textos; marcas o logotipos, combinaciones de colores, estructura y dise\u00f1o, selecci\u00f3n de materiales usados, programas de ordenador necesarios para su funcionamiento, acceso y uso, etc.). Todos los derechos reservados. En virtud de lo dispuesto en los art\u00edculos 8 y 32.1, p\u00e1rrafo segundo, de la Ley de Propiedad Intelectual, quedan expresamente prohibidas la reproducci\u00f3n, la distribuci\u00f3n y la comunicaci\u00f3n p\u00fablica, incluida su modalidad de puesta a disposici\u00f3n, de la totalidad o parte de los contenidos de esta p\u00e1gina web, con fines comerciales, en cualquier soporte y por cualquier medio t\u00e9cnico, sin la autorizaci\u00f3n de CERAFINO S.L.<\/p>\n<p class=\"p1\">El USUARIO se compromete a respetar los derechos de Propiedad Intelectual e Industrial titularidad de CERAFINO S.L. Podr\u00e1 visualizar los elementos del portal e incluso imprimirlos, copiarlos y almacenarlos en el disco duro de su ordenador o en cualquier otro soporte f\u00edsico siempre y cuando sea, \u00fanica y exclusivamente, para su uso personal y privado. El USUARIO deber\u00e1 abstenerse de suprimir, alterar, eludir o manipular cualquier dispositivo de protecci\u00f3n o sistema de seguridad que estuviera instalado en el las p\u00e1ginas de CERAFINO S.L.<\/p>\n<p>&nbsp;<\/p>\n<p class=\"p1\"><strong>6. EXCLUSI\u00d3N DE GARANT\u00cdAS Y RESPONSABILIDAD<\/strong><\/p>\n<p class=\"p2\">CERAFINO S.L. no se hace responsable, en ning\u00fan caso, de los da\u00f1os y perjuicios de<\/p>\n<p class=\"p2\">cualquier naturaleza que pudieran ocasionar, a t\u00edtulo enunciativo: errores u omisiones en los contenidos, falta de disponibilidad del portal o la transmisi\u00f3n de virus o programas maliciosos olesivos en los contenidos, a pesar de haber adoptado todas las medidas tecnol\u00f3gicasnecesarias para evitarlo.<\/p>\n<p>&nbsp;<\/p>\n<p class=\"p1\"><strong>7. MODIFICACIONES<\/strong><\/p>\n<p class=\"p2\">CERAFINO S.L. se reserva el derecho de efectuar sin previo aviso las modificaciones que considere oportunas en su portal, pudiendo cambiar, suprimir o a\u00f1adir tanto los contenidos y servicios que se presten a trav\u00e9s de la misma como la forma en la que \u00e9stos aparezcan presentados o localizados en su portal.<\/p>\n<p>&nbsp;<\/p>\n<p class=\"p1\"><strong>8. ENLACES<\/strong><\/p>\n<p class=\"p2\">En el caso de que en CERAFINO S.L. se dispusiesen enlaces o hiperv\u00ednculos hac\u00eda otros sitios de Internet, no ejercer\u00e1 ning\u00fan tipo de control sobre dichos sitios y contenidos. En ning\u00fan caso CERAFINO S.L. asumir\u00e1 responsabilidad alguna por los contenidos de alg\u00fan enlace perteneciente a un sitio web ajeno, ni garantizar\u00e1 la disponibilidad t\u00e9cnica, calidad, fiabilidad, exactitud, amplitud, veracidad, validez y constitucionalidad de cualquier material o informaci\u00f3n contenida en ninguno de dichos hiperv\u00ednculos u otros sitios de Internet. En caso de usar los enlaces rogamos que acceda a la pol\u00edtica de privacidad y aviso legal de la p\u00e1gina visitada. Igualmente la inclusi\u00f3n de estas conexiones externas no implicar\u00e1 ning\u00fan tipo de asociaci\u00f3n, fusi\u00f3n o participaci\u00f3n con las entidades conectadas.<\/p>\n<p>&nbsp;<\/p>\n<p class=\"p1\"><strong>9. DERECHO DE EXCLUSI\u00d3N<\/strong><\/p>\n<p class=\"p2\">CERAFINO S.L. se reserva el derecho a denegar o retirar el acceso a portal y\/o los servicios ofrecidos sin necesidad de preaviso, a instancia propia o de un tercero, a aquellos usuarios que incumplan las presentes Condiciones Generales de Uso.<\/p>\n<p>&nbsp;<\/p>\n<p class=\"p2\"><strong><span class=\"s1\">10. GENERALIDADES<\/span><\/strong><\/p>\n<p class=\"p2\">Se perseguir\u00e1 el incumplimiento de las presentes condiciones as\u00ed como cualquier utilizaci\u00f3n indebida de su portal ejerciendo todas las acciones civiles y penales que le puedan corresponder en derecho.<\/p>\n<p>&nbsp;<\/p>\n<p class=\"p2\"><strong><span class=\"s1\">11. MODIFICACI\u00d3N DE LAS PRESENTES CONDICIONES Y DURACI\u00d3N<\/span><\/strong><\/p>\n<p class=\"p3\">CERAFINO S.L. podr\u00e1 modificar en cualquier momento las condiciones aqu\u00ed determinadas, siendo debidamente publicadas como aqu\u00ed aparecen. La vigencia de las citadas condiciones ir\u00e1 en funci\u00f3n de su exposici\u00f3n y estar\u00e1n vigentes hasta debidamente publicadas. que sean modificadas por otras.<\/p>\n<p>&nbsp;<\/p>\n<p class=\"p1\"><strong>12. LEGISLACI\u00d3N APLICABLE Y JURISDICCI\u00d3N<\/strong><\/p>\n<p class=\"p2\">La relaci\u00f3n entre CERAFINO S.L. y el USUARIO se regir\u00e1 por la normativa espa\u00f1ola vigente y cualquier controversia se someter\u00e1 a la autoridad pertinente.<\/p>\n<p class=\"p2\">\n","protected":false},"excerpt":{"rendered":"<p>1. DATOS IDENTIFICATIVOS En cumplimiento con el deber de informaci\u00f3n recogido en art\u00edculo 10 de la Ley 34\/2002, de 11 de julio, de Servicios de la Sociedad de la Informaci\u00f3n y del Comercio Electr\u00f3nico, a continuaci\u00f3n se reflejan los siguientes datos: La empresa titular del presente dominio web es CERAFINO S.L. con domicilio a estos [&hellip;]<\/p>\n","protected":false},"author":1,"featured_media":0,"parent":0,"menu_order":2,"comment_status":"closed","ping_status":"closed","template":"templates\/legal.php","meta":{"footnotes":""},"class_list":["post-1013","page","type-page","status-publish","hentry"],"aioseo_notices":[],"_links":{"self":[{"href":"https:\/\/www.cerafino.es\/en\/wp-json\/wp\/v2\/pages\/1013","targetHints":{"allow":["GET"]}}],"collection":[{"href":"https:\/\/www.cerafino.es\/en\/wp-json\/wp\/v2\/pages"}],"about":[{"href":"https:\/\/www.cerafino.es\/en\/wp-json\/wp\/v2\/types\/page"}],"author":[{"embeddable":true,"href":"https:\/\/www.cerafino.es\/en\/wp-json\/wp\/v2\/users\/1"}],"replies":[{"embeddable":true,"href":"https:\/\/www.cerafino.es\/en\/wp-json\/wp\/v2\/comments?post=1013"}],"version-history":[{"count":2,"href":"https:\/\/www.cerafino.es\/en\/wp-json\/wp\/v2\/pages\/1013\/revisions"}],"predecessor-version":[{"id":1157,"href":"https:\/\/www.cerafino.es\/en\/wp-json\/wp\/v2\/pages\/1013\/revisions\/1157"}],"wp:attachment":[{"href":"https:\/\/www.cerafino.es\/en\/wp-json\/wp\/v2\/media?parent=1013"}],"curies":[{"name":"wp","href":"https:\/\/api.w.org\/{rel}","templated":true}]}}